{"id":40366,"date":"2025-07-23T11:51:37","date_gmt":"2025-07-23T11:51:37","guid":{"rendered":"https:\/\/goldenyard.md\/?post_type=product&#038;p=40366"},"modified":"2025-07-23T11:52:36","modified_gmt":"2025-07-23T11:52:36","slug":"fosa-septica-10000-litri","status":"publish","type":"product","link":"https:\/\/goldenyard.md\/ru\/catalog\/uncategorized\/fosa-septica-10000-litri\/","title":{"rendered":"Fos\u0103 septic\u0103 10000 litri"},"content":{"rendered":"<div class=\"elementor-element elementor-element-6e8b29e7 e-con-full e-flex e-con e-child\" data-id=\"6e8b29e7\" data-element_type=\"container\"><\/div>\n<div class=\"elementor-element elementor-element-3f3faf89 text-center wd-single-short-desc elementor-widget elementor-widget-wd_single_product_short_description\" data-id=\"3f3faf89\" data-element_type=\"widget\" data-widget_type=\"wd_single_product_short_description.default\">\n<div class=\"elementor-widget-container\">\n<div class=\"woocommerce-product-details__short-description\">\n<p>Capac 1t f\u0103r\u0103 cheie: 3 buc.<\/p>\n<p>Con \u00d8 100: 3 buc.<\/p>\n<p>Capac C2: 3 buc.<\/p>\n<p>Perete desp\u0103r\u021bitor T1: 2 buc.<\/p>\n<p>Rezervor 10 000 litri: 1 buc.<\/p>\n<\/div>\n<\/div>\n<\/div>","protected":false},"excerpt":{"rendered":"<p>Capac 1t f\u0103r\u0103 cheie: 3 buc. Con \u00d8 100: 3 buc. Capac C2: 3 buc. Perete desp\u0103r\u021bitor T1: 2 buc.<\/p>","protected":false},"featured_media":40367,"template":"","meta":[],"product_brand":[],"product_cat":[18],"product_tag":[],"class_list":{"0":"post-40366","1":"product","2":"type-product","3":"status-publish","4":"has-post-thumbnail","6":"product_cat-uncategorized","8":"first","9":"instock","10":"shipping-taxable","11":"purchasable","12":"product-type-simple"},"_links":{"self":[{"href":"https:\/\/goldenyard.md\/ru\/wp-json\/wp\/v2\/product\/40366","targetHints":{"allow":["GET"]}}],"collection":[{"href":"https:\/\/goldenyard.md\/ru\/wp-json\/wp\/v2\/product"}],"about":[{"href":"https:\/\/goldenyard.md\/ru\/wp-json\/wp\/v2\/types\/product"}],"wp:featuredmedia":[{"embeddable":true,"href":"https:\/\/goldenyard.md\/ru\/wp-json\/wp\/v2\/media\/40367"}],"wp:attachment":[{"href":"https:\/\/goldenyard.md\/ru\/wp-json\/wp\/v2\/media?parent=40366"}],"wp:term":[{"taxonomy":"product_brand","embeddable":true,"href":"https:\/\/goldenyard.md\/ru\/wp-json\/wp\/v2\/product_brand?post=40366"},{"taxonomy":"product_cat","embeddable":true,"href":"https:\/\/goldenyard.md\/ru\/wp-json\/wp\/v2\/product_cat?post=40366"},{"taxonomy":"product_tag","embeddable":true,"href":"https:\/\/goldenyard.md\/ru\/wp-json\/wp\/v2\/product_tag?post=40366"}],"curies":[{"name":"wp","href":"https:\/\/api.w.org\/{rel}","templated":true}]}}