{"id":40017,"date":"2025-05-21T12:13:26","date_gmt":"2025-05-21T12:13:26","guid":{"rendered":"https:\/\/goldenyard.md\/?post_type=product&#038;p=40017"},"modified":"2025-06-10T13:59:16","modified_gmt":"2025-06-10T13:59:16","slug":"surfapore-c-protectia-si-impermeabilizarea-suprafetelor-poroase-din-ciment-piatra-zidarie-tencuieli","status":"publish","type":"product","link":"https:\/\/goldenyard.md\/ru\/catalog\/solutii-de-protectie\/protectie-si-impermeabilizare-test\/surfapore-c-protectia-si-impermeabilizarea-suprafetelor-poroase-din-ciment-piatra-zidarie-tencuieli\/","title":{"rendered":"SurfaPore C \u2014 \u0437\u0430\u0449\u0438\u0442\u0430 \u0438 \u0433\u0438\u0434\u0440\u043e\u0438\u0437\u043e\u043b\u044f\u0446\u0438\u044f \u043f\u043e\u0440\u0438\u0441\u0442\u044b\u0445 \u043f\u043e\u0432\u0435\u0440\u0445\u043d\u043e\u0441\u0442\u0435\u0439 \u0438\u0437 \u0446\u0435\u043c\u0435\u043d\u0442\u0430, \u043a\u0430\u043c\u043d\u044f, \u043a\u0438\u0440\u043f\u0438\u0447\u043d\u043e\u0439 \u043a\u043b\u0430\u0434\u043a\u0438, \u0448\u0442\u0443\u043a\u0430\u0442\u0443\u0440\u043a\u0438."},"content":{"rendered":"<h4>\u0427\u0442\u043e \u044d\u0442\u043e?<\/h4>\n<p><strong>SurfaPore C<\/strong> este o nanosolu\u021bie modern\u0103, pe baz\u0103 de ap\u0103, ce ofer\u0103 test &gt; Protec\u021bie \u0219i Impermeabilizare eficient\u0103. Astfel <span style=\"color: #0d7cf2;\"><strong>\u043f\u0440\u0435\u0434\u043e\u0442\u0432\u0440\u0430\u0449\u0430\u0435\u0442 \u043f\u043e\u0432\u0440\u0435\u0436\u0434\u0435\u043d\u0438\u0435 <\/strong><span style=\"color: #000000;\">\u0432\u044b\u0437\u0432\u0430\u043d\u043d\u043e\u0435 \u0432\u043e\u0434\u043e\u0439 \u0438 \u0432\u043b\u0430\u0436\u043d\u043e\u0441\u0442\u044c\u044e<\/span><\/span>, <strong><span style=\"color: #0d7cf2;\">\u043f\u0440\u043e\u0434\u043b\u0435\u0432\u0430\u044f \u0441\u0440\u043e\u043a \u0441\u043b\u0443\u0436\u0431\u044b<\/span><\/strong> \u043c\u0430\u0442\u0435\u0440\u0438\u0430\u043b\u043e\u0432.<\/p>\n<p>&nbsp;<\/p>\n<p>\u0412 \u043e\u0442\u043b\u0438\u0447\u0438\u0435 \u043e\u0442 \u0434\u0440\u0443\u0433\u0438\u0445 \u043f\u0440\u043e\u0434\u0443\u043a\u0442\u043e\u0432, \u043a\u043e\u0442\u043e\u0440\u044b\u0435 \u043e\u0431\u0440\u0430\u0437\u0443\u044e\u0442 \u043d\u0430 \u043f\u043e\u0432\u0435\u0440\u0445\u043d\u043e\u0441\u0442\u0438 \u00ab\u043f\u043b\u0430\u0441\u0442\u0438\u043a\u043e\u0432\u0443\u044e\u00bb \u043f\u043b\u0451\u043d\u043a\u0443, <strong>SurfaPore C<\/strong> \u043f\u0440\u043e\u043d\u0438\u043a\u0430\u0435\u0442 \u0433\u043b\u0443\u0431\u043e\u043a\u043e \u0432 \u043f\u043e\u0440\u044b \u043c\u0430\u0442\u0435\u0440\u0438\u0430\u043b\u043e\u0432, \u043e\u0431\u0435\u0441\u043f\u0435\u0447\u0438\u0432\u0430\u044f <span style=\"color: #0d7cf2;\"><strong>\u0434\u043e\u043b\u0433\u043e\u0432\u0440\u0435\u043c\u0435\u043d\u043d\u0443\u044e \u0437\u0430\u0449\u0438\u0442\u0443<\/strong><\/span> \u043d\u0435 \u0438\u0437\u043c\u0435\u043d\u044f\u044f \u043f\u0435\u0440\u0432\u043e\u043d\u0430\u0447\u0430\u043b\u044c\u043d\u044b\u0439 \u0432\u043d\u0435\u0448\u043d\u0438\u0439 \u0432\u0438\u0434 \u043f\u043e\u0432\u0435\u0440\u0445\u043d\u043e\u0441\u0442\u0438.<\/p>\n<p>&nbsp;<\/p>\n<p style=\"text-align: center;\"><span style=\"color: #808080;\"><em>*\u0421\u043c\u043e\u0442\u0440\u0438 \u0441\u043f\u0438\u0441\u043e\u043a \u043f\u0440\u0435\u0438\u043c\u0443\u0449\u0435\u0441\u0442\u0432 \u043d\u0438\u0436\u0435*<\/em><\/span><\/p>\n<p><img fetchpriority=\"high\" decoding=\"async\" class=\"wp-image-14720 aligncenter\" style=\"display: block; margin: auto; transform: scale(0.85);\" src=\"https:\/\/nanoconstruct.md\/wp-content\/uploads\/2024\/06\/2-1.jpg\" alt=\"\" width=\"755\" height=\"569\" \/><\/p>\n<h4><span style=\"color: #0d7cf2;\">\u041f\u0440\u0435\u0438\u043c\u0443\u0449\u0435\u0441\u0442\u0432\u0430:<\/span><\/h4>\n<ul>\n<li><strong>\u0421\u043e\u0445\u0440\u0430\u043d\u044f\u0435\u0442 \u043f\u043e\u0432\u0435\u0440\u0445\u043d\u043e\u0441\u0442\u0438 \u0447\u0438\u0441\u0442\u044b\u043c\u0438:<\/strong> \u043f\u0440\u0435\u0434\u043e\u0442\u0432\u0440\u0430\u0449\u0430\u0435\u0442 \u043d\u0430\u043a\u043e\u043f\u043b\u0435\u043d\u0438\u0435 \u0433\u0440\u044f\u0437\u0438 \u0438 \u0447\u0430\u0441\u0442\u0438\u0446, \u043f\u043e\u0434\u0434\u0435\u0440\u0436\u0438\u0432\u0430\u044f \u043f\u043e\u0432\u0435\u0440\u0445\u043d\u043e\u0441\u0442\u044c \u0432 \u0447\u0438\u0441\u0442\u043e\u0442\u0435 \u0438 \u043e\u0431\u043b\u0435\u0433\u0447\u0430\u044f \u0443\u0445\u043e\u0434.<\/li>\n<li><strong>\u041f\u0440\u0435\u0434\u043e\u0442\u0432\u0440\u0430\u0449\u0430\u0435\u0442 \u043f\u043e\u0442\u0435\u043c\u043d\u0435\u043d\u0438\u0435 \u0438 \u043f\u043e\u0436\u0435\u043b\u0442\u0435\u043d\u0438\u0435:<\/strong> \u0437\u0430\u0449\u0438\u0449\u0430\u0435\u0442 \u043f\u043e\u0440\u0438\u0441\u0442\u044b\u0435 \u043a\u0430\u043c\u0435\u043d\u043d\u044b\u0435 \u043f\u043e\u0432\u0435\u0440\u0445\u043d\u043e\u0441\u0442\u0438 \u043e\u0442 \u0437\u0430\u0433\u0440\u044f\u0437\u043d\u0435\u043d\u0438\u0439 \u0438 \u043f\u043e\u0436\u0435\u043b\u0442\u0435\u043d\u0438\u044f, \u0432\u044b\u0437\u0432\u0430\u043d\u043d\u043e\u0433\u043e \u0432\u043e\u0437\u0434\u0435\u0439\u0441\u0442\u0432\u0438\u0435\u043c \u0441\u043e\u043b\u043d\u0435\u0447\u043d\u043e\u0433\u043e \u0441\u0432\u0435\u0442\u0430.<\/li>\n<li><strong>\u0414\u043e\u043b\u0433\u043e\u0432\u0440\u0435\u043c\u0435\u043d\u043d\u0430\u044f \u0437\u0430\u0449\u0438\u0442\u0430<\/strong>: \u041e\u0431\u0435\u0441\u043f\u0435\u0447\u0438\u0432\u0430\u0435\u0442 \u0441\u0442\u043e\u0439\u043a\u0438\u0439 \u0431\u0430\u0440\u044c\u0435\u0440 \u043f\u0440\u043e\u0442\u0438\u0432 \u043f\u0440\u043e\u043d\u0438\u043a\u043d\u043e\u0432\u0435\u043d\u0438\u044f \u0432\u043e\u0434\u044b \u0438 \u0434\u0440\u0443\u0433\u0438\u0445 \u0430\u0433\u0440\u0435\u0441\u0441\u0438\u0432\u043d\u044b\u0445 \u0432\u0435\u0449\u0435\u0441\u0442\u0432.<\/li>\n<li><strong>\u0423\u0441\u0442\u043e\u0439\u0447\u0438\u0432\u043e\u0441\u0442\u044c \u043a \u0423\u0424-\u0438\u0437\u043b\u0443\u0447\u0435\u043d\u0438\u044e<\/strong>: \u041f\u0440\u0435\u0434\u043e\u0442\u0432\u0440\u0430\u0449\u0430\u0435\u0442 \u043f\u043e\u0436\u0435\u043b\u0442\u0435\u043d\u0438\u0435 \u0438 \u0440\u0430\u0437\u0440\u0443\u0448\u0435\u043d\u0438\u0435 \u043f\u043e\u0434 \u0432\u043e\u0437\u0434\u0435\u0439\u0441\u0442\u0432\u0438\u0435\u043c \u0441\u043e\u043b\u043d\u0435\u0447\u043d\u044b\u0445 \u043b\u0443\u0447\u0435\u0439.<\/li>\n<li><strong>\u0415\u0441\u0442\u0435\u0441\u0442\u0432\u0435\u043d\u043d\u044b\u0439 \u0432\u043d\u0435\u0448\u043d\u0438\u0439 \u0432\u0438\u0434<\/strong>: \u041d\u0435 \u043e\u0431\u0440\u0430\u0437\u0443\u0435\u0442 \u043f\u043b\u0451\u043d\u043a\u0443 \u0438 \u043d\u0435 \u043f\u0440\u0438\u0434\u0430\u0451\u0442 \u043f\u043e\u0432\u0435\u0440\u0445\u043d\u043e\u0441\u0442\u0438 \u0438\u0441\u043a\u0443\u0441\u0441\u0442\u0432\u0435\u043d\u043d\u044b\u0439 \u0431\u043b\u0435\u0441\u043a.<\/li>\n<li><strong>\u041f\u0440\u0435\u0434\u043e\u0442\u0432\u0440\u0430\u0449\u0430\u0435\u0442 \u043f\u043e\u044f\u0432\u043b\u0435\u043d\u0438\u0435 \u043f\u043b\u0435\u0441\u0435\u043d\u0438 \u0438 \u043f\u044f\u0442\u0435\u043d<\/strong>: \u041f\u0440\u0435\u043f\u044f\u0442\u0441\u0442\u0432\u0443\u0435\u0442 \u043e\u0431\u0440\u0430\u0437\u043e\u0432\u0430\u043d\u0438\u044e \u043f\u044f\u0442\u0435\u043d \u0438 \u0440\u043e\u0441\u0442\u0443 \u043f\u043b\u0435\u0441\u0435\u043d\u0438, \u0431\u043b\u043e\u043a\u0438\u0440\u0443\u044f \u043f\u0440\u043e\u043d\u0438\u043a\u043d\u043e\u0432\u0435\u043d\u0438\u0435 \u0432\u043b\u0430\u0433\u0438 \u0432 \u043f\u043e\u0440\u044b.<\/li>\n<li><strong>\u042d\u043a\u043e\u043b\u043e\u0433\u0438\u0447\u043d\u044b\u0439<\/strong>: \u0424\u043e\u0440\u043c\u0443\u043b\u0430 \u043d\u0430 \u0432\u043e\u0434\u043d\u043e\u0439 \u043e\u0441\u043d\u043e\u0432\u0435, \u043d\u0435 \u0441\u043e\u0434\u0435\u0440\u0436\u0438\u0442 \u043b\u0435\u0442\u0443\u0447\u0438\u0445 \u043e\u0440\u0433\u0430\u043d\u0438\u0447\u0435\u0441\u043a\u0438\u0445 \u0441\u043e\u0435\u0434\u0438\u043d\u0435\u043d\u0438\u0439 (\u041b\u041e\u0421), \u0431\u0435\u0437 \u0437\u0430\u043f\u0430\u0445\u0430 \u0438 \u0431\u0435\u0437\u043e\u043f\u0430\u0441\u043d\u0430 \u0434\u043b\u044f \u043e\u043a\u0440\u0443\u0436\u0430\u044e\u0449\u0435\u0439 \u0441\u0440\u0435\u0434\u044b.<\/li>\n<li><strong>\u041f\u0440\u043e\u0441\u0442\u043e\u0442\u0430 \u043f\u0440\u0438\u043c\u0435\u043d\u0435\u043d\u0438\u044f<\/strong>: \u041b\u0435\u0433\u043a\u043e \u043d\u0430\u043d\u043e\u0441\u0438\u0442\u0441\u044f \u043a\u0438\u0441\u0442\u044c\u044e, \u0432\u0430\u043b\u0438\u043a\u043e\u043c \u0438\u043b\u0438 \u0440\u0430\u0441\u043f\u044b\u043b\u0435\u043d\u0438\u0435\u043c, \u043d\u0435 \u0442\u0440\u0435\u0431\u0443\u0435\u0442 \u0440\u0430\u0437\u0432\u0435\u0434\u0435\u043d\u0438\u044f. \u041c\u043e\u0436\u0435\u0442 \u043f\u0440\u0438\u043c\u0435\u043d\u044f\u0442\u044c\u0441\u044f \u043b\u044e\u0431\u044b\u043c \u0447\u0435\u043b\u043e\u0432\u0435\u043a\u043e\u043c \u0431\u0435\u0437 \u0441\u043f\u0435\u0446\u0438\u0430\u043b\u044c\u043d\u044b\u0445 \u043d\u0430\u0432\u044b\u043a\u043e\u0432 \u0438 \u043f\u0440\u043e\u0444\u0435\u0441\u0441\u0438\u043e\u043d\u0430\u043b\u044c\u043d\u043e\u0439 \u043f\u043e\u043c\u043e\u0449\u0438 \u2014 \u0434\u043e\u0441\u0442\u0430\u0442\u043e\u0447\u043d\u043e \u0441\u043b\u0435\u0434\u043e\u0432\u0430\u0442\u044c \u0438\u043d\u0441\u0442\u0440\u0443\u043a\u0446\u0438\u0438.<\/li>\n<li><strong>\u041d\u0435 \u043e\u0441\u0442\u0430\u0432\u043b\u044f\u0435\u0442 \u043f\u044f\u0442\u0435\u043d \u043d\u0430 \u0434\u0440\u0443\u0433\u0438\u0445 \u043f\u043e\u0432\u0435\u0440\u0445\u043d\u043e\u0441\u0442\u044f\u0445<\/strong>: \u041f\u0440\u0438 \u043a\u043e\u043d\u0442\u0430\u043a\u0442\u0435 \u0441 \u0434\u0440\u0443\u0433\u0438\u043c\u0438 \u043c\u0430\u0442\u0435\u0440\u0438\u0430\u043b\u0430\u043c\u0438 \u043d\u0435 \u0432\u044b\u0437\u044b\u0432\u0430\u0435\u0442 \u043e\u0431\u0435\u0441\u0446\u0432\u0435\u0447\u0438\u0432\u0430\u043d\u0438\u044f \u0438\u043b\u0438 \u043f\u043e\u044f\u0432\u043b\u0435\u043d\u0438\u044f \u043f\u044f\u0442\u0435\u043d.<\/li>\n<\/ul>\n<p><img decoding=\"async\" class=\"wp-image-14721 aligncenter\" style=\"display: block; margin: auto; transform: scale(0.85);\" src=\"https:\/\/nanoconstruct.md\/wp-content\/uploads\/2024\/06\/1-1.jpg\" alt=\"\" width=\"772\" height=\"577\" \/><\/p>\n<h4>\u0413\u0434\u0435 \u043f\u0440\u0438\u043c\u0435\u043d\u044f\u0435\u0442\u0441\u044f?<\/h4>\n<p>\u0421\u0442\u0435\u043d\u044b \u0438 \u043f\u043e\u0434\u0432\u0430\u043b\u044b, \u0431\u0435\u0442\u043e\u043d\u043d\u044b\u0435 \u043a\u0440\u043e\u0432\u043b\u0438, \u0448\u0442\u0443\u043a\u0430\u0442\u0443\u0440\u043a\u0430 \u0438 \u0448\u0432\u044b \u043a\u0430\u0444\u0435\u043b\u044f\/\u043f\u043b\u0438\u0442\u043a\u0438, \u0430 \u0442\u0430\u043a\u0436\u0435 \u043b\u044e\u0431\u044b\u0435 \u0434\u0440\u0443\u0433\u0438\u0435 \u043f\u043e\u0432\u0435\u0440\u0445\u043d\u043e\u0441\u0442\u0438 \u0438\u0437 \u0446\u0435\u043c\u0435\u043d\u0442\u0430, \u0440\u0430\u0441\u0442\u0432\u043e\u0440\u0430, \u043a\u0438\u0440\u043f\u0438\u0447\u043d\u043e\u0439 \u043a\u043b\u0430\u0434\u043a\u0438, \u0448\u0442\u0443\u043a\u0430\u0442\u0443\u0440\u043a\u0438, \u043d\u0430\u0442\u0443\u0440\u0430\u043b\u044c\u043d\u043e\u0433\u043e \u043a\u0430\u043c\u043d\u044f \u0438 \u0438\u0441\u043a\u0443\u0441\u0441\u0442\u0432\u0435\u043d\u043d\u044b\u0445 \u043f\u043e\u043a\u0440\u044b\u0442\u0438\u0439.<\/p>\n<p><a id=\"add-to-cart-btn\" class=\"button\" style=\"border-radius: 20px; display: block; margin: 35px auto 15px; text-decoration: none; color: white; background-color: #0d7cf2; width: 200px; text-align: center; padding: 9px 0px 7px 0px;\" href=\"#\" data-darkreader-inline-color=\"\" data-darkreader-inline-bgcolor=\"\">\u0414\u043e\u0431\u0430\u0432\u0438\u0442\u044c \u0432 \u043a\u043e\u0440\u0437\u0438\u043d\u0443<\/a><\/p>\n<p><script><\/p>\n<p>document.addEventListener('DOMContentLoaded', function() {<\/p>\n<p>    document.getElementById('add-to-cart-btn').addEventListener('click', function(event) {<\/p>\n<p>        \/\/ Check the width of the viewport<\/p>\n<p>        if (window.innerWidth <= 768) {\n\n\n\n            \/\/ If viewport width is less than or equal to 768px (considered as mobile), scroll 300px down\n\n\n\n            window.scrollTo(0, 300);\n\n\n\n        } else {\n\n\n\n            \/\/ If viewport width is greater than 768px (considered as desktop), scroll to the top of the page\n\n\n\n            window.scrollTo(0, 0);\n\n\n\n        }\n\n\n\n        event.preventDefault();\n\n\n\n    });\n\n\n\n});\n\n\n\n<\/script><\/p>","protected":false},"excerpt":{"rendered":"<p><strong>SurfaPore C<\/strong> \u044f\u0432\u043b\u044f\u0435\u0442\u0441\u044f \u0438\u043d\u043d\u043e\u0432\u0430\u0446\u0438\u043e\u043d\u043d\u044b\u043c \u043d\u0430\u043d\u043e\u0440\u0430\u0441\u0442\u0432\u043e\u0440\u043e\u043c, \u043a\u043e\u0442\u043e\u0440\u044b\u0439 \u043f\u0440\u0435\u0434\u043e\u0442\u0432\u0440\u0430\u0449\u0430\u0435\u0442 \u043f\u043e\u0432\u0440\u0435\u0436\u0434\u0435\u043d\u0438\u044f, \u0432\u044b\u0437\u0432\u0430\u043d\u043d\u044b\u0435 \u0432\u043e\u0434\u043e\u0439, \u0438 \u043f\u0440\u043e\u0434\u043b\u0435\u0432\u0430\u0435\u0442 \u0441\u0440\u043e\u043a \u0441\u043b\u0443\u0436\u0431\u044b \u043e\u0431\u0440\u0430\u0431\u043e\u0442\u0430\u043d\u043d\u044b\u0445 \u043f\u043e\u0432\u0435\u0440\u0445\u043d\u043e\u0441\u0442\u0435\u0439.<\/p>\n<ul>\n<li><a href=\"https:\/\/nanoconstruct.md\/wp-content\/uploads\/2024\/06\/SurfaPore-C_TDS_EN_v03082022.en_.ro_.pdf\">\u041f\u0430\u0441\u043f\u043e\u0440\u0442 \u043f\u0440\u043e\u0434\u0443\u043a\u0442\u0430<\/a><\/li>\n<li><a href=\"\/wp-content\/uploads\/2019\/04\/SurfaPoreCFTS.pdf\">\u041f\u0430\u0441\u043f\u043e\u0440\u0442 \u0431\u0435\u0437\u043e\u043f\u0430\u0441\u043d\u043e\u0441\u0442\u0438<\/a><\/li>\n<\/ul>\n<p><img decoding=\"async\" class=\"img-thumbnail img-fluid\" title=\"\u041d\u0410\u0414\u0415\u0412\u0410\u0419\u0422\u0415 \u0417\u0410\u0429\u0418\u0422\u041d\u0423\u042e \u041c\u0410\u0421\u041a\u0423!\" src=\"https:\/\/goldenyard.md\/wp-content\/uploads\/2025\/05\/medical-300x300.png\" alt=\"PURTATI MASCA DE PROTECTIE!\" width=\"35\" height=\"35\" \/>      <img loading=\"lazy\" decoding=\"async\" class=\"img-thumbnail img-fluid\" title=\"\u041d\u0410\u0414\u0415\u0412\u0410\u0419\u0422\u0415 \u0417\u0410\u0429\u0418\u0422\u041d\u042b\u0415 \u041f\u0415\u0420\u0427\u0410\u0422\u041a\u0418!\" src=\"https:\/\/goldenyard.md\/wp-content\/uploads\/2025\/05\/gloves-300x300.png\" alt=\"PURTATI MANUSI DE PROTECTIE!\" width=\"35\" height=\"35\" \/>\u00a0    <img loading=\"lazy\" decoding=\"async\" class=\"img-thumbnail img-fluid\" title=\"\u042d\u041a\u041e\u041b\u041e\u0413\u0418\u0427\u041d\u042b\u0419 \u041f\u0420\u041e\u0414\u0423\u041a\u0422 \u041d\u0410 \u041e\u0421\u041d\u041e\u0412\u0415 \u0412\u041e\u0414\u042b!\" src=\"https:\/\/goldenyard.md\/wp-content\/uploads\/2025\/05\/plant-care-300x300.png\" alt=\"PRODUS ECOLOGIC PE BAZA DE APA!\" width=\"35\" height=\"35\" \/><\/p>","protected":false},"featured_media":39844,"template":"","meta":[],"product_brand":[],"product_cat":[280,283],"product_tag":[],"class_list":{"0":"post-40017","1":"product","2":"type-product","3":"status-publish","4":"has-post-thumbnail","6":"product_cat-solutii-de-protectie","7":"product_cat-protectie-si-impermeabilizare-test","9":"first","10":"instock","11":"shipping-taxable","12":"purchasable","13":"product-type-variable"},"_links":{"self":[{"href":"https:\/\/goldenyard.md\/ru\/wp-json\/wp\/v2\/product\/40017","targetHints":{"allow":["GET"]}}],"collection":[{"href":"https:\/\/goldenyard.md\/ru\/wp-json\/wp\/v2\/product"}],"about":[{"href":"https:\/\/goldenyard.md\/ru\/wp-json\/wp\/v2\/types\/product"}],"wp:featuredmedia":[{"embeddable":true,"href":"https:\/\/goldenyard.md\/ru\/wp-json\/wp\/v2\/media\/39844"}],"wp:attachment":[{"href":"https:\/\/goldenyard.md\/ru\/wp-json\/wp\/v2\/media?parent=40017"}],"wp:term":[{"taxonomy":"product_brand","embeddable":true,"href":"https:\/\/goldenyard.md\/ru\/wp-json\/wp\/v2\/product_brand?post=40017"},{"taxonomy":"product_cat","embeddable":true,"href":"https:\/\/goldenyard.md\/ru\/wp-json\/wp\/v2\/product_cat?post=40017"},{"taxonomy":"product_tag","embeddable":true,"href":"https:\/\/goldenyard.md\/ru\/wp-json\/wp\/v2\/product_tag?post=40017"}],"curies":[{"name":"wp","href":"https:\/\/api.w.org\/{rel}","templated":true}]}}