{"id":39977,"date":"2025-05-21T12:13:03","date_gmt":"2025-05-21T12:13:03","guid":{"rendered":"https:\/\/goldenyard.md\/?post_type=product&#038;p=39977"},"modified":"2025-06-10T13:59:10","modified_gmt":"2025-06-10T13:59:10","slug":"desalin-bbq-curatator-biodegradabil-pentru-grasimi-arse","status":"publish","type":"product","link":"https:\/\/goldenyard.md\/ru\/catalog\/solutii-de-protectie\/curatare-dezinfectare-si-restaurare-test\/desalin-bbq-curatator-biodegradabil-pentru-grasimi-arse\/","title":{"rendered":"Desalin BBQ \u2014 \u0431\u0438\u043e\u0440\u0430\u0437\u043b\u0430\u0433\u0430\u0435\u043c\u043e\u0435 \u0441\u0440\u0435\u0434\u0441\u0442\u0432\u043e \u0434\u043b\u044f \u043e\u0447\u0438\u0441\u0442\u043a\u0438 \u043f\u0440\u0438\u0433\u043e\u0440\u0435\u0432\u0448\u0435\u0433\u043e \u0436\u0438\u0440\u0430"},"content":{"rendered":"<p>DeSalin BBQ \u2014 \u044d\u0442\u043e \u043c\u043e\u0449\u043d\u043e\u0435 \u0449\u0435\u043b\u043e\u0447\u043d\u043e\u0435, \u0431\u0438\u043e\u0440\u0430\u0437\u043b\u0430\u0433\u0430\u0435\u043c\u043e\u0435 \u0447\u0438\u0441\u0442\u044f\u0449\u0435\u0435 \u0441\u0440\u0435\u0434\u0441\u0442\u0432\u043e<\/p>\n<p>\u0423\u0434\u0430\u043b\u044f\u0435\u0442 \u0441\u0442\u043e\u0439\u043a\u0438\u0435 \u043f\u044f\u0442\u043d\u0430 \u0441\u0430\u0436\u0438, \u043d\u0430\u0433\u0430\u0440\u0430, \u0441\u0433\u043e\u0440\u0435\u0432\u0448\u0435\u0433\u043e \u0443\u0433\u043b\u044f \u0438 \u0437\u0430\u0441\u043e\u0445\u0448\u0438\u0445 \u0438\u043b\u0438 \u043f\u0440\u0438\u0433\u043e\u0440\u0435\u0432\u0448\u0438\u0445 \u0436\u0438\u0440\u043e\u0432, \u043e\u0431\u0440\u0430\u0437\u043e\u0432\u0430\u0432\u0448\u0438\u0445\u0441\u044f \u043f\u0440\u0438 \u043f\u0440\u0438\u0433\u043e\u0442\u043e\u0432\u043b\u0435\u043d\u0438\u0438 \u043f\u0438\u0449\u0438 \u043d\u0430 \u0433\u0440\u0438\u043b\u0435 \u0438\u043b\u0438 \u0432 \u0434\u0443\u0445\u043e\u0432\u043a\u0435<\/p>\n<p>\u0418\u0434\u0435\u0430\u043b\u044c\u043d\u043e \u043f\u043e\u0434\u0445\u043e\u0434\u0438\u0442 \u0434\u043b\u044f \u043e\u0447\u0438\u0441\u0442\u043a\u0438 \u0433\u0440\u0438\u043b\u0435\u0439, \u043f\u043b\u0438\u0442, \u043a\u0443\u0445\u043e\u043d\u043d\u044b\u0445 \u0441\u0442\u043e\u043b\u0435\u0448\u043d\u0438\u0446 \u0438 \u0434\u0443\u0445\u043e\u0432\u044b\u0445 \u0448\u043a\u0430\u0444\u043e\u0432, \u0432\u044b\u0442\u044f\u0436\u0435\u043a \u0438 \u043a\u0430\u043c\u0438\u043d\u043e\u0432<\/p>\n<p>\u041e\u0447\u0438\u0449\u0430\u0435\u0442 \u043f\u043e\u0432\u0435\u0440\u0445\u043d\u043e\u0441\u0442\u0438 \u043e\u0442 \u0436\u0438\u0440\u043e\u0432\u044b\u0445 \u043e\u0441\u0442\u0430\u0442\u043a\u043e\u0432 \u0438 \u043f\u044f\u0442\u0435\u043d \u0441\u0430\u0436\u0438<\/p>\n<p>\u0413\u043e\u0442\u043e\u0432 \u043a \u0438\u0441\u043f\u043e\u043b\u044c\u0437\u043e\u0432\u0430\u043d\u0438\u044e. \u0420\u0430\u0437\u0431\u0430\u0432\u043b\u0435\u043d\u0438\u0435 \u043d\u0435 \u0442\u0440\u0435\u0431\u0443\u0435\u0442\u0441\u044f<\/p>\n<p>\u041c\u0433\u043d\u043e\u0432\u0435\u043d\u043d\u044b\u0439 \u044d\u0444\u0444\u0435\u043a\u0442<\/p>\n<p>\u041d\u0435 \u0438\u0437\u043c\u0435\u043d\u044f\u0435\u0442 \u043f\u043e\u0432\u0435\u0440\u0445\u043d\u043e\u0441\u0442\u044c, \u043d\u0430 \u043a\u043e\u0442\u043e\u0440\u0443\u044e \u043d\u0430\u043d\u043e\u0441\u0438\u0442\u0441\u044f<\/p>\n<p>\u0414\u043e\u0441\u0442\u0443\u043f\u0435\u043d \u0432 \u043e\u0431\u044a\u0451\u043c\u0435 500 \u043c\u043b, \u043f\u043b\u0430\u0441\u0442\u0438\u043a\u043e\u0432\u0430\u044f \u0443\u043f\u0430\u043a\u043e\u0432\u043a\u0430 \u0441 \u0440\u0430\u0441\u043f\u044b\u043b\u0438\u0442\u0435\u043b\u0435\u043c<\/p>","protected":false},"excerpt":{"rendered":"<p>DeSalin BBQ este un cur\u0103\u021b\u0103tor puternic alcalin, biodegradabil. \u00cendep\u0103rteaz\u0103 petele grele de funingine , arsur\u0103, c\u0103rbune ars \u0219i reziduuri de<\/p>","protected":false},"featured_media":39994,"template":"","meta":[],"product_brand":[],"product_cat":[280,284],"product_tag":[],"class_list":{"0":"post-39977","1":"product","2":"type-product","3":"status-publish","4":"has-post-thumbnail","6":"product_cat-solutii-de-protectie","7":"product_cat-curatare-dezinfectare-si-restaurare-test","9":"first","10":"instock","11":"shipping-taxable","12":"purchasable","13":"product-type-variable"},"_links":{"self":[{"href":"https:\/\/goldenyard.md\/ru\/wp-json\/wp\/v2\/product\/39977","targetHints":{"allow":["GET"]}}],"collection":[{"href":"https:\/\/goldenyard.md\/ru\/wp-json\/wp\/v2\/product"}],"about":[{"href":"https:\/\/goldenyard.md\/ru\/wp-json\/wp\/v2\/types\/product"}],"wp:featuredmedia":[{"embeddable":true,"href":"https:\/\/goldenyard.md\/ru\/wp-json\/wp\/v2\/media\/39994"}],"wp:attachment":[{"href":"https:\/\/goldenyard.md\/ru\/wp-json\/wp\/v2\/media?parent=39977"}],"wp:term":[{"taxonomy":"product_brand","embeddable":true,"href":"https:\/\/goldenyard.md\/ru\/wp-json\/wp\/v2\/product_brand?post=39977"},{"taxonomy":"product_cat","embeddable":true,"href":"https:\/\/goldenyard.md\/ru\/wp-json\/wp\/v2\/product_cat?post=39977"},{"taxonomy":"product_tag","embeddable":true,"href":"https:\/\/goldenyard.md\/ru\/wp-json\/wp\/v2\/product_tag?post=39977"}],"curies":[{"name":"wp","href":"https:\/\/api.w.org\/{rel}","templated":true}]}}