{"id":39961,"date":"2025-05-21T12:13:02","date_gmt":"2025-05-21T12:13:02","guid":{"rendered":"https:\/\/goldenyard.md\/?post_type=product&#038;p=39961"},"modified":"2025-06-10T13:59:10","modified_gmt":"2025-06-10T13:59:10","slug":"surfamix-universal-primer-grund-pentru-suprafete-neabsorbante-inox-portelanat-teracota-sticla-marmura-granit-etc-2","status":"publish","type":"product","link":"https:\/\/goldenyard.md\/ru\/catalog\/solutii-de-protectie\/aditivi-pentru-amestecuri-cimentoase-grunduri-nano-structurate-diluanti-test\/surfamix-universal-primer-grund-pentru-suprafete-neabsorbante-inox-portelanat-teracota-sticla-marmura-granit-etc-2\/","title":{"rendered":"SurfaMix Universal Primer \u2013 \u0433\u0440\u0443\u043d\u0442\u043e\u0432\u043a\u0430 \u0434\u043b\u044f \u043d\u0435\u0432\u043f\u0438\u0442\u044b\u0432\u0430\u044e\u0449\u0438\u0445 \u043f\u043e\u0432\u0435\u0440\u0445\u043d\u043e\u0441\u0442\u0435\u0439 (\u043d\u0435\u0440\u0436\u0430\u0432\u0435\u044e\u0449\u0430\u044f \u0441\u0442\u0430\u043b\u044c, \u043a\u0435\u0440\u0430\u043c\u043e\u0433\u0440\u0430\u043d\u0438\u0442, \u0442\u0435\u0440\u0440\u0430\u043a\u043e\u0442\u0430, \u0441\u0442\u0435\u043a\u043b\u043e, \u043c\u0440\u0430\u043c\u043e\u0440, \u0433\u0440\u0430\u043d\u0438\u0442 \u0438 \u0434\u0440.)"},"content":{"rendered":"<p>SurfaMix Universal Primer<\/p>\n<p>\u0423\u043d\u0438\u0432\u0435\u0440\u0441\u0430\u043b\u044c\u043d\u0430\u044f \u0433\u0440\u0443\u043d\u0442\u043e\u0432\u043a\u0430 \u043d\u0430 \u043e\u0441\u043d\u043e\u0432\u0435 \u0441\u043f\u0435\u0446\u0438\u0430\u043b\u044c\u043d\u043e\u0439 \u0441\u043c\u043e\u043b\u044b \u0441 \u043d\u0438\u0437\u043a\u043e\u0439 \u0432\u044f\u0437\u043a\u043e\u0441\u0442\u044c\u044e \u0438 \u0431\u044b\u0441\u0442\u0440\u044b\u043c \u0432\u044b\u0441\u044b\u0445\u0430\u043d\u0438\u0435\u043c, \u043f\u0440\u0435\u0434\u043d\u0430\u0437\u043d\u0430\u0447\u0435\u043d\u043d\u0430\u044f \u0434\u043b\u044f \u043d\u0430\u043d\u0435\u0441\u0435\u043d\u0438\u044f \u043d\u0430 \u043e\u0441\u043e\u0431\u043e \u0442\u0440\u0435\u0431\u043e\u0432\u0430\u0442\u0435\u043b\u044c\u043d\u044b\u0435 \u043f\u043e\u0432\u0435\u0440\u0445\u043d\u043e\u0441\u0442\u0438, \u0442\u0430\u043a\u0438\u0435 \u043a\u0430\u043a \u043e\u0446\u0438\u043d\u043a\u043e\u0432\u0430\u043d\u043d\u043e\u0435 \u0436\u0435\u043b\u0435\u0437\u043e, \u0430\u043b\u044e\u043c\u0438\u043d\u0438\u0439, \u0441\u0442\u0435\u043a\u043b\u043e, \u043a\u0435\u0440\u0430\u043c\u0438\u0447\u0435\u0441\u043a\u0430\u044f \u043f\u043b\u0438\u0442\u043a\u0430 \u0438 \u043c\u0440\u0430\u043c\u043e\u0440. \u0413\u0440\u0443\u043d\u0442\u043e\u0432\u043a\u0430 \u0441\u043e\u0437\u0434\u0430\u0451\u0442 \u0445\u043e\u0440\u043e\u0448\u0435\u0435 (\u0432\u044f\u0437\u043a\u043e\u0435) \u043f\u043e\u043a\u0440\u044b\u0442\u0438\u0435 \u0434\u043b\u044f \u043f\u043e\u0441\u043b\u0435\u0434\u0443\u044e\u0449\u0435\u0433\u043e \u043d\u0430\u043d\u0435\u0441\u0435\u043d\u0438\u044f \u0432\u043e\u0434\u043e\u044d\u043c\u0443\u043b\u044c\u0441\u0438\u043e\u043d\u043d\u044b\u0445 \u043a\u0440\u0430\u0441\u043e\u043a.<\/p>\n<p>SurfaMix Universal Primer \u0438\u0441\u043f\u043e\u043b\u044c\u0437\u0443\u0435\u0442\u0441\u044f \u0434\u043b\u044f \u0433\u0435\u0440\u043c\u0435\u0442\u0438\u0437\u0430\u0446\u0438\u0438 \u0431\u0438\u0442\u0443\u043c\u043d\u044b\u0445 \u043e\u0441\u043d\u043e\u0432\u0430\u043d\u0438\u0439, \u043a\u043e\u0442\u043e\u0440\u044b\u0435 \u043c\u043e\u0433\u0443\u0442 \u0432\u044b\u0437\u044b\u0432\u0430\u0442\u044c \u043f\u043e\u044f\u0432\u043b\u0435\u043d\u0438\u0435 \u0436\u0451\u043b\u0442\u044b\u0445 \u043f\u044f\u0442\u0435\u043d. \u041f\u0440\u0438\u043c\u0435\u043d\u0435\u043d\u0438\u0435 SurfaMix Universal Primer \u0441\u043e\u0437\u0434\u0430\u0451\u0442 \u044d\u043b\u0430\u0441\u0442\u0438\u0447\u043d\u0443\u044e \u043c\u0435\u043c\u0431\u0440\u0430\u043d\u0443, \u0441\u043f\u043e\u0441\u043e\u0431\u043d\u0443\u044e \u0432\u044b\u0434\u0435\u0440\u0436\u0438\u0432\u0430\u0442\u044c \u0442\u0435\u0440\u043c\u0438\u0447\u0435\u0441\u043a\u043e\u0435 \u0440\u0430\u0441\u0448\u0438\u0440\u0435\u043d\u0438\u0435 \u0438 \u0441\u0436\u0430\u0442\u0438\u0435, \u043f\u0440\u0435\u0434\u043e\u0442\u0432\u0440\u0430\u0449\u0430\u044f \u043e\u0431\u0440\u0430\u0437\u043e\u0432\u0430\u043d\u0438\u0435 \u0442\u0440\u0435\u0449\u0438\u043d \u043d\u0430 \u043f\u043e\u0432\u0435\u0440\u0445\u043d\u043e\u0441\u0442\u0438.<\/p>\n<p>SurfaMix Universal Primer \u0438\u0441\u043f\u043e\u043b\u044c\u0437\u0443\u0435\u0442\u0441\u044f \u0432 \u0441\u0442\u0440\u043e\u0438\u0442\u0435\u043b\u044c\u0441\u0442\u0432\u0435, \u0440\u0435\u043c\u043e\u043d\u0442\u0435 \u0438 \u0431\u044b\u0442\u043e\u0432\u044b\u0445 \u043f\u0440\u0438\u043c\u0435\u043d\u0435\u043d\u0438\u044f\u0445 \u0432 \u043a\u0430\u0447\u0435\u0441\u0442\u0432\u0435 \u0443\u043d\u0438\u0432\u0435\u0440\u0441\u0430\u043b\u044c\u043d\u043e\u0439 \u0433\u0440\u0443\u043d\u0442\u043e\u0432\u043a\u0438 \u0434\u043b\u044f \u0432\u0441\u0435\u0445 \u043f\u043e\u0441\u0442\u0440\u043e\u0435\u043d\u043d\u044b\u0445 \u043f\u043e\u0432\u0435\u0440\u0445\u043d\u043e\u0441\u0442\u0435\u0439, \u043e\u0441\u043e\u0431\u0435\u043d\u043d\u043e \u043e\u0446\u0438\u043d\u043a\u043e\u0432\u0430\u043d\u043d\u044b\u0445 \u0438 \u0441 \u043d\u0438\u0437\u043a\u043e\u0439 \u043f\u043e\u0440\u0438\u0441\u0442\u043e\u0441\u0442\u044c\u044e. \u041c\u043e\u0436\u0435\u0442 \u0442\u0430\u043a\u0436\u0435 \u0438\u0441\u043f\u043e\u043b\u044c\u0437\u043e\u0432\u0430\u0442\u044c\u0441\u044f \u043a\u0430\u043a \u0433\u0435\u0440\u043c\u0435\u0442\u0438\u043a \u0434\u043b\u044f \u043a\u0438\u0440\u043f\u0438\u0447\u0430 \u0438 \u043b\u044e\u0431\u044b\u0445 \u0431\u0435\u0442\u043e\u043d\u043d\u044b\u0445 \u043f\u043e\u0432\u0435\u0440\u0445\u043d\u043e\u0441\u0442\u0435\u0439, \u0447\u0442\u043e\u0431\u044b \u043f\u0440\u0435\u0434\u043e\u0442\u0432\u0440\u0430\u0442\u0438\u0442\u044c \u0438\u0445 \u0440\u0430\u0437\u0440\u0443\u0448\u0435\u043d\u0438\u0435 \u0438 \u0438\u0437\u043d\u0430\u0448\u0438\u0432\u0430\u043d\u0438\u0435.<\/p>\n<p>\u041f\u0440\u0435\u0438\u043c\u0443\u0449\u0435\u0441\u0442\u0432\u0430 \u0438 \u0445\u0430\u0440\u0430\u043a\u0442\u0435\u0440\u0438\u0441\u0442\u0438\u043a\u0438 \u0430\u043a\u0440\u0438\u043b\u043e\u0432\u043e\u0439 \u0433\u0440\u0443\u043d\u0442\u043e\u0432\u043a\u0438 SurfaMix Universal Primer<\/p>\n<p>\u0413\u0440\u0443\u043d\u0442\u043e\u0432\u043a\u0430 \u0441\u043e\u0434\u0435\u0440\u0436\u0438\u0442 \u0441\u043f\u0435\u0446\u0438\u0430\u043b\u044c\u043d\u0443\u044e \u0441\u043c\u043e\u043b\u0443 \u0434\u043b\u044f \u0431\u043e\u043b\u0435\u0435 \u043a\u0430\u0447\u0435\u0441\u0442\u0432\u0435\u043d\u043d\u043e\u0433\u043e \u043d\u0430\u043d\u0435\u0441\u0435\u043d\u0438\u044f \u043d\u0430 \u043e\u0446\u0438\u043d\u043a\u043e\u0432\u0430\u043d\u043d\u044b\u0435 \u0438 \u0441\u043b\u0430\u0431\u043e \u043f\u043e\u0440\u0438\u0441\u0442\u044b\u0435 \u043f\u043e\u0432\u0435\u0440\u0445\u043d\u043e\u0441\u0442\u0438.<\/p>\n<p>\u041c\u043e\u0436\u0435\u0442 \u0438\u0441\u043f\u043e\u043b\u044c\u0437\u043e\u0432\u0430\u0442\u044c\u0441\u044f \u0432 \u043a\u0430\u0447\u0435\u0441\u0442\u0432\u0435 \u0443\u043d\u0438\u0432\u0435\u0440\u0441\u0430\u043b\u044c\u043d\u043e\u0439 \u0433\u0440\u0443\u043d\u0442\u043e\u0432\u043a\u0438 \u043f\u0435\u0440\u0435\u0434 \u043d\u0430\u043d\u0435\u0441\u0435\u043d\u0438\u0435\u043c \u0432\u043e\u0434\u043e\u044d\u043c\u0443\u043b\u044c\u0441\u0438\u043e\u043d\u043d\u044b\u0445 \u043a\u0440\u0430\u0441\u043e\u043a.<\/p>\n<p>\u041c\u043e\u0436\u0435\u0442 \u043d\u0430\u043d\u043e\u0441\u0438\u0442\u044c\u0441\u044f \u043d\u0430 \u043c\u0435\u0442\u0430\u043b\u043b\u0438\u0447\u0435\u0441\u043a\u0438\u0435 \u0444\u0435\u0440\u043c\u044b \u0434\u043b\u044f \u043e\u0441\u0442\u0430\u043d\u043e\u0432\u043a\u0438 \u043a\u043e\u0440\u0440\u043e\u0437\u0438\u0438 \u0438 \u043f\u043e\u0441\u043b\u0435\u0434\u0443\u044e\u0449\u0435\u0433\u043e \u043e\u043a\u0440\u0430\u0448\u0438\u0432\u0430\u043d\u0438\u044f \u043b\u044e\u0431\u044b\u043c \u0442\u0438\u043f\u043e\u043c \u0432\u043e\u0434\u043e\u044d\u043c\u0443\u043b\u044c\u0441\u0438\u043e\u043d\u043d\u043e\u0439 \u043a\u0440\u0430\u0441\u043a\u0438.<\/p>\n<p>\u0423\u0441\u0442\u043e\u0439\u0447\u0438\u0432 \u043a \u043d\u0435\u0431\u043b\u0430\u0433\u043e\u043f\u0440\u0438\u044f\u0442\u043d\u044b\u043c \u043f\u043e\u0433\u043e\u0434\u043d\u044b\u043c \u0443\u0441\u043b\u043e\u0432\u0438\u044f\u043c \u0438 \u0443\u043b\u044c\u0442\u0440\u0430\u0444\u0438\u043e\u043b\u0435\u0442\u043e\u0432\u043e\u043c\u0443 \u0438\u0437\u043b\u0443\u0447\u0435\u043d\u0438\u044e.<\/p>\n<p>\u041d\u0435 \u0431\u0443\u0434\u0435\u0442 \u0436\u0435\u043b\u0442\u0435\u0442\u044c \u0438 \u043d\u0435 \u043e\u0441\u0442\u0430\u0432\u0438\u0442 \u043f\u044f\u0442\u0435\u043d \u043d\u0430 \u043f\u043e\u0441\u043b\u0435\u0434\u0443\u044e\u0449\u0438\u0445 \u0441\u043b\u043e\u044f\u0445.<\/p>\n<p>\u041e\u0431\u043b\u0430\u0434\u0430\u0435\u0442 \u043d\u0438\u0437\u043a\u043e\u0439 \u0432\u044f\u0437\u043a\u043e\u0441\u0442\u044c\u044e \u0438 \u0433\u043b\u0443\u0431\u043e\u043a\u043e \u043f\u0440\u043e\u043d\u0438\u043a\u0430\u0435\u0442 \u0432 \u043f\u043e\u0440\u044b \u043f\u043e\u0432\u0435\u0440\u0445\u043d\u043e\u0441\u0442\u0438.<\/p>\n<p>\u0421\u043e\u0432\u043c\u0435\u0441\u0442\u0438\u043c \u0441 \u043b\u044e\u0431\u043e\u0439 \u043a\u0440\u0430\u0441\u043a\u043e\u0439 \u043d\u0430 \u0432\u043e\u0434\u043d\u043e\u0439 \u043e\u0441\u043d\u043e\u0432\u0435.<\/p>\n<p>\u041d\u0430\u043d\u043e\u0441\u0438\u0442\u0441\u044f \u043d\u0430 \u043f\u043e\u0432\u0435\u0440\u0445\u043d\u043e\u0441\u0442\u044c \u0432\u0430\u043b\u0438\u043a\u043e\u043c, \u043a\u0438\u0441\u0442\u044c\u044e \u0438\u043b\u0438 \u0431\u0435\u0437\u0432\u043e\u0437\u0434\u0443\u0448\u043d\u044b\u043c \u0440\u0430\u0441\u043f\u044b\u043b\u0438\u0442\u0435\u043b\u0435\u043c.<\/p>\n<p>\u0411\u044b\u0441\u0442\u0440\u043e \u0432\u044b\u0441\u044b\u0445\u0430\u0435\u0442.<\/p>\n<p>&nbsp;<\/p>\n<p>\u0420\u0430\u0441\u0445\u043e\u0434: 10 m2\/1l<\/p>\n<p>\u0420\u0430\u0437\u0431\u0430\u0432\u0438\u0442\u0435\u043b\u044c: NanoPhos Thiner B<\/p>","protected":false},"excerpt":{"rendered":"<p>SurfaMix Universal Primer Grund universal cu o r\u0103\u0219in\u0103 special\u0103 cu v\u00e2scozitate sc\u0103zut\u0103 \u0219i \u00eent\u0103rire rapid\u0103, care poate fi aplicat pe<\/p>","protected":false},"featured_media":39820,"template":"","meta":[],"product_brand":[],"product_cat":[280,281],"product_tag":[],"class_list":{"0":"post-39961","1":"product","2":"type-product","3":"status-publish","4":"has-post-thumbnail","6":"product_cat-solutii-de-protectie","7":"product_cat-aditivi-pentru-amestecuri-cimentoase-grunduri-nano-structurate-diluanti-test","9":"first","10":"instock","11":"shipping-taxable","12":"purchasable","13":"product-type-variable"},"_links":{"self":[{"href":"https:\/\/goldenyard.md\/ru\/wp-json\/wp\/v2\/product\/39961","targetHints":{"allow":["GET"]}}],"collection":[{"href":"https:\/\/goldenyard.md\/ru\/wp-json\/wp\/v2\/product"}],"about":[{"href":"https:\/\/goldenyard.md\/ru\/wp-json\/wp\/v2\/types\/product"}],"wp:featuredmedia":[{"embeddable":true,"href":"https:\/\/goldenyard.md\/ru\/wp-json\/wp\/v2\/media\/39820"}],"wp:attachment":[{"href":"https:\/\/goldenyard.md\/ru\/wp-json\/wp\/v2\/media?parent=39961"}],"wp:term":[{"taxonomy":"product_brand","embeddable":true,"href":"https:\/\/goldenyard.md\/ru\/wp-json\/wp\/v2\/product_brand?post=39961"},{"taxonomy":"product_cat","embeddable":true,"href":"https:\/\/goldenyard.md\/ru\/wp-json\/wp\/v2\/product_cat?post=39961"},{"taxonomy":"product_tag","embeddable":true,"href":"https:\/\/goldenyard.md\/ru\/wp-json\/wp\/v2\/product_tag?post=39961"}],"curies":[{"name":"wp","href":"https:\/\/api.w.org\/{rel}","templated":true}]}}