{"id":39804,"date":"2025-05-21T12:11:12","date_gmt":"2025-05-21T12:11:12","guid":{"rendered":"https:\/\/goldenyard.md\/?post_type=product&#038;p=39804"},"modified":"2025-06-10T13:58:59","modified_gmt":"2025-06-10T13:58:59","slug":"desalin-k-concentrat-solutie-pentru-curatarea-si-indepartarea-resturilor-de-materiale-de-constructii-2","status":"publish","type":"product","link":"https:\/\/goldenyard.md\/ru\/catalog\/solutii-de-protectie\/curatare-dezinfectare-si-restaurare-test\/desalin-k-concentrat-solutie-pentru-curatarea-si-indepartarea-resturilor-de-materiale-de-constructii-2\/","title":{"rendered":"DESALIN K concentrat \u2014 \u0420\u0430\u0441\u0442\u0432\u043e\u0440 \u0434\u043b\u044f \u043e\u0447\u0438\u0441\u0442\u043a\u0438 \u0438 \u0443\u0434\u0430\u043b\u0435\u043d\u0438\u044f \u043e\u0441\u0442\u0430\u0442\u043a\u043e\u0432 \u0441\u0442\u0440\u043e\u0438\u0442\u0435\u043b\u044c\u043d\u044b\u0445 \u043c\u0430\u0442\u0435\u0440\u0438\u0430\u043b\u043e\u0432."},"content":{"rendered":"<p class=\"translation-block\"><strong>DeSalin K<\/strong> \u2014 \u041e\u0447\u0438\u0441\u0442\u043a\u0430 \u043f\u043e\u0432\u0435\u0440\u0445\u043d\u043e\u0441\u0442\u0435\u0439 \u0438 \u0443\u0434\u0430\u043b\u0435\u043d\u0438\u0435 \u043e\u0441\u0442\u0430\u0442\u043a\u043e\u0432.<\/p>\n<p>\u041e\u0447\u0438\u0449\u0430\u0435\u0442 \u0438 \u0443\u0434\u0430\u043b\u044f\u0435\u0442 \u043e\u0441\u0442\u0430\u0442\u043a\u0438 \u0437\u0430\u0441\u043e\u0445\u0448\u0435\u0433\u043e \u0446\u0435\u043c\u0435\u043d\u0442\u0430 \u0438 \u043a\u043b\u0435\u044f, \u0430 \u0442\u0430\u043a\u0436\u0435 \u043c\u0438\u043d\u0435\u0440\u0430\u043b\u044c\u043d\u044b\u0435 \u043e\u0442\u043b\u043e\u0436\u0435\u043d\u0438\u044f \u0441 \u043f\u043e\u0432\u0435\u0440\u0445\u043d\u043e\u0441\u0442\u0435\u0439 \u0438\u0437 \u0431\u0435\u0442\u043e\u043d\u0430, \u043d\u0430\u0442\u0443\u0440\u0430\u043b\u044c\u043d\u043e\u0433\u043e \u0438\u043b\u0438 \u0438\u0441\u043a\u0443\u0441\u0441\u0442\u0432\u0435\u043d\u043d\u043e\u0433\u043e \u043a\u0430\u043c\u043d\u044f, \u0442\u0440\u043e\u0442\u0443\u0430\u0440\u043d\u043e\u0439 \u043f\u043b\u0438\u0442\u043a\u0438, \u0444\u0430\u0440\u0444\u043e\u0440\u0430, \u043a\u0438\u0440\u043f\u0438\u0447\u0430, \u043a\u043b\u0430\u0434\u043a\u0438 \u0438 \u0448\u0442\u0443\u043a\u0430\u0442\u0443\u0440\u043a\u0438.<\/p>\n<p><strong>\u0418\u043d\u0441\u0442\u0440\u0443\u043a\u0446\u0438\u044f \u043f\u043e \u043f\u0440\u0438\u043c\u0435\u043d\u0435\u043d\u0438\u044e:<\/strong><\/p>\n<p class=\"translation-block\">\u041d\u0430\u043d\u0435\u0441\u0438\u0442\u0435  <strong>DeSalin K<\/strong> \u043d\u0435\u0440\u0430\u0437\u0431\u0430\u0432\u043b\u0435\u043d\u043d\u044b\u043c \u0438\u043b\u0438 \u0440\u0430\u0437\u0431\u0430\u0432\u043b\u0435\u043d\u043d\u044b\u043c \u0432 \u043f\u0440\u043e\u043f\u043e\u0440\u0446\u0438\u0438 \u0434\u043e 1:5 (\u0434\u043b\u044f \u0441\u043b\u0430\u0431\u043e \u0437\u0430\u0433\u0440\u044f\u0437\u043d\u0451\u043d\u043d\u044b\u0445 \u043f\u043e\u0432\u0435\u0440\u0445\u043d\u043e\u0441\u0442\u0435\u0439).\n\u041e\u0441\u0442\u0430\u0432\u044c\u0442\u0435 DeSalin\u00ae K \u0434\u0435\u0439\u0441\u0442\u0432\u043e\u0432\u0430\u0442\u044c \u043d\u0430 1\u20132 \u043c\u0438\u043d\u0443\u0442\u044b.<\/p>\n<p>\u0423\u0434\u0430\u043b\u0438\u0442\u0435 \u0437\u0430\u0433\u0440\u044f\u0437\u043d\u0435\u043d\u0438\u044f \u0441\u043e\u043b\u043e\u043c\u0435\u043d\u043d\u043e\u0439 \u0449\u0451\u0442\u043a\u043e\u0439 \u0438\u043b\u0438 \u0436\u0451\u0441\u0442\u043a\u043e\u0439 \u0433\u0443\u0431\u043a\u043e\u0439 (\u043d\u0435 \u0438\u0441\u043f\u043e\u043b\u044c\u0437\u0443\u0439\u0442\u0435 \u043c\u0435\u0442\u0430\u043b\u043b\u0438\u0447\u0435\u0441\u043a\u0438\u0435 \u0433\u0443\u0431\u043a\u0438!). \u0412 \u0437\u0430\u0432\u0435\u0440\u0448\u0435\u043d\u0438\u0435 \u043e\u0431\u0438\u043b\u044c\u043d\u043e \u043f\u0440\u043e\u043c\u043e\u0439\u0442\u0435 \u043f\u043e\u0432\u0435\u0440\u0445\u043d\u043e\u0441\u0442\u044c \u0432\u043e\u0434\u043e\u0439.<\/p>\n<p>\u0418\u0441\u043f\u043e\u043b\u044c\u0437\u043e\u0432\u0430\u0442\u044c \u0442\u043e\u043b\u044c\u043a\u043e \u0432 \u0445\u043e\u0440\u043e\u0448\u043e \u043f\u0440\u043e\u0432\u0435\u0442\u0440\u0438\u0432\u0430\u0435\u043c\u044b\u0445 \u043f\u043e\u043c\u0435\u0449\u0435\u043d\u0438\u044f\u0445. \u041d\u0435 \u0440\u0430\u0431\u043e\u0442\u0430\u0442\u044c \u043f\u043e\u0434 \u043f\u0440\u044f\u043c\u044b\u043c\u0438 \u0441\u043e\u043b\u043d\u0435\u0447\u043d\u044b\u043c\u0438 \u043b\u0443\u0447\u0430\u043c\u0438 \u0438 \u043d\u0430 \u0433\u043e\u0440\u044f\u0447\u0438\u0445 \u043f\u043e\u0432\u0435\u0440\u0445\u043d\u043e\u0441\u0442\u044f\u0445.<\/p>\n<p>\u041d\u0435 \u0438\u0441\u043f\u043e\u043b\u044c\u0437\u043e\u0432\u0430\u0442\u044c \u043d\u0430 \u043c\u0440\u0430\u043c\u043e\u0440\u0435<\/p>\n<p><strong>\u0420\u0430\u0441\u0445\u043e\u0434:\u00a0<\/strong><\/p>\n<p>\u041e\u0440\u0438\u0435\u043d\u0442\u0438\u0440\u043e\u0432\u043e\u0447\u043d\u044b\u0439 \u0440\u0430\u0441\u0445\u043e\u0434 \u0441\u043e\u0441\u0442\u0430\u0432\u043b\u044f\u0435\u0442 1 \u043b\u0438\u0442\u0440 \u043d\u0430 6\u20138 \u043c\u00b2, \u0432 \u0437\u0430\u0432\u0438\u0441\u0438\u043c\u043e\u0441\u0442\u0438 \u043e\u0442 \u0441\u0432\u043e\u0439\u0441\u0442\u0432 \u043f\u043e\u0432\u0435\u0440\u0445\u043d\u043e\u0441\u0442\u0438, \u043d\u0430 \u043a\u043e\u0442\u043e\u0440\u0443\u044e \u043d\u0430\u043d\u043e\u0441\u0438\u0442\u0441\u044f \u043f\u0440\u043e\u0434\u0443\u043a\u0442.<\/p>\n<p><strong>\u041f\u0440\u0435\u0438\u043c\u0443\u0449\u0435\u0441\u0442\u0432\u0430:<\/strong><\/p>\n<p>\u041b\u0451\u0433\u043a\u043e\u0441\u0442\u044c \u0432 \u043f\u0440\u0438\u043c\u0435\u043d\u0435\u043d\u0438\u0438. \u041e\u043f\u0442\u0438\u043c\u0430\u043b\u044c\u043d\u043e\u0435 \u0441\u043e\u043e\u0442\u043d\u043e\u0448\u0435\u043d\u0438\u0435 \u0446\u0435\u043d\u0430\/\u044d\u0444\u0444\u0435\u043a\u0442\u0438\u0432\u043d\u043e\u0441\u0442\u044c.<\/p>\n<p><strong>\u0411\u0435\u0437\u043e\u043f\u0430\u0441\u043d\u043e\u0441\u0442\u044c \u0438 \u0445\u0440\u0430\u043d\u0435\u043d\u0438\u0435:<\/strong><\/p>\n<p>\u0412\u0440\u0435\u0434\u043d\u043e \u043f\u0440\u0438 \u0432\u0434\u044b\u0445\u0430\u043d\u0438\u0438. \u0412\u044b\u0437\u044b\u0432\u0430\u0435\u0442 \u0441\u0438\u043b\u044c\u043d\u044b\u0435 \u043e\u0436\u043e\u0433\u0438 \u0438 \u0441\u0435\u0440\u044c\u0451\u0437\u043d\u044b\u0435 \u043f\u043e\u0432\u0440\u0435\u0436\u0434\u0435\u043d\u0438\u044f \u0433\u043b\u0430\u0437. \u041f\u043e\u0441\u043b\u0435 \u0438\u0441\u043f\u043e\u043b\u044c\u0437\u043e\u0432\u0430\u043d\u0438\u044f \u0441\u0440\u0435\u0434\u0441\u0442\u0432\u0430 \u0442\u0449\u0430\u0442\u0435\u043b\u044c\u043d\u043e \u043f\u0440\u043e\u043c\u043e\u0439\u0442\u0435 \u043a\u043e\u0436\u0443 \u0431\u043e\u043b\u044c\u0448\u0438\u043c \u043a\u043e\u043b\u0438\u0447\u0435\u0441\u0442\u0432\u043e\u043c \u0432\u043e\u0434\u044b.\n\u041d\u043e\u0441\u0438\u0442\u0435 \u0441\u043e\u043e\u0442\u0432\u0435\u0442\u0441\u0442\u0432\u0443\u044e\u0449\u0438\u0435 \u0441\u0440\u0435\u0434\u0441\u0442\u0432\u0430 \u0438\u043d\u0434\u0438\u0432\u0438\u0434\u0443\u0430\u043b\u044c\u043d\u043e\u0439 \u0437\u0430\u0449\u0438\u0442\u044b (\u043f\u0435\u0440\u0447\u0430\u0442\u043a\u0438, \u0437\u0430\u0449\u0438\u0442\u043d\u0443\u044e \u043e\u0434\u0435\u0436\u0434\u0443, \u043e\u0447\u043a\u0438, \u043c\u0430\u0441\u043a\u0443). \u041f\u0420\u0418 \u0412\u0414\u042b\u0425\u0410\u041d\u0418\u0418: \u043f\u0435\u0440\u0435\u043c\u0435\u0441\u0442\u0438\u0442\u0435 \u043f\u043e\u0441\u0442\u0440\u0430\u0434\u0430\u0432\u0448\u0435\u0433\u043e \u043d\u0430 \u0441\u0432\u0435\u0436\u0438\u0439 \u0432\u043e\u0437\u0434\u0443\u0445 \u0438 \u0443\u0431\u0435\u0434\u0438\u0442\u0435\u0441\u044c, \u0447\u0442\u043e \u043e\u043d \u0434\u044b\u0448\u0438\u0442 \u043d\u043e\u0440\u043c\u0430\u043b\u044c\u043d\u043e. \u041d\u0435\u043c\u0435\u0434\u043b\u0435\u043d\u043d\u043e \u043e\u0431\u0440\u0430\u0442\u0438\u0442\u0435\u0441\u044c \u0437\u0430 \u043c\u0435\u0434\u0438\u0446\u0438\u043d\u0441\u043a\u043e\u0439 \u043f\u043e\u043c\u043e\u0449\u044c\u044e. \u0425\u0440\u0430\u043d\u0438\u0442\u0435 \u0451\u043c\u043a\u043e\u0441\u0442\u044c \u043f\u043b\u043e\u0442\u043d\u043e \u0437\u0430\u043a\u0440\u044b\u0442\u043e\u0439.<\/p>\n<p><strong>\u0421\u0440\u043e\u043a \u0433\u043e\u0434\u043d\u043e\u0441\u0442\u0438: <\/strong>24 \u043c\u0435\u0441\u044f\u0446\u0430 \u0441 \u0434\u0430\u0442\u044b \u043f\u0440\u043e\u0438\u0437\u0432\u043e\u0434\u0441\u0442\u0432\u0430.<\/p>\n<p><strong>\u0421\u043f\u0435\u0446\u0438\u0444\u0438\u0447\u0435\u0441\u043a\u0438\u0439 \u0440\u0430\u0441\u0445\u043e\u0434: <\/strong>\u0437\u0430\u0432\u0438\u0441\u0438\u0442 \u043e\u0442 \u0441\u0442\u0435\u043f\u0435\u043d\u0438 \u0437\u0430\u0433\u0440\u044f\u0437\u043d\u0435\u043d\u0438\u044f \u043f\u043e\u0432\u0435\u0440\u0445\u043d\u043e\u0441\u0442\u0438.<\/p>\n<p><strong>\u0423\u043f\u0430\u043a\u043e\u0432\u043a\u0430:<\/strong>\u00a01 \u043b\u0438\u0442\u0440, 4 \u043b\u0438\u0442\u0440\u0430 (\u0431\u043e\u043b\u044c\u0448\u0438\u0435 \u043e\u0431\u044a\u0451\u043c\u044b \u0434\u043e\u0441\u0442\u0443\u043f\u043d\u044b \u043f\u043e\u0434 \u0437\u0430\u043a\u0430\u0437)<\/p>\n<p>\u041c\u043e\u0436\u043d\u043e \u0440\u0430\u0437\u0431\u0430\u0432\u043b\u044f\u0442\u044c \u0434\u043e \u043f\u0440\u043e\u043f\u043e\u0440\u0446\u0438\u0438 1:5 (1 \u0447\u0430\u0441\u0442\u044c \u0440\u0430\u0441\u0442\u0432\u043e\u0440\u0430 DeSalin\u00aeK + 4 \u0447\u0430\u0441\u0442\u0438 \u0432\u043e\u0434\u044b).<\/p>\n<p><a href=\"https:\/\/www.youtube.com\/shorts\/_1l7lbyKSbE\" target=\"_blank\" rel=\"noopener\">https:\/\/www.youtube.com\/shorts\/_1l7lbyKSbE<\/a><\/p>\n<p><a href=\"https:\/\/www.youtube.com\/shorts\/ZsQK2_N0EYA\" target=\"_blank\" rel=\"noopener\">https:\/\/www.youtube.com\/shorts\/ZsQK2_N0EYA<\/a><\/p>\n<p><iframe title=\"DeSalinK test rapid. \u00cendep\u0103rtare resturi cimentoase de pe clinker tip c\u0103r\u0103mid\u0103 ars\u0103.\" width=\"500\" height=\"281\" src=\"https:\/\/www.youtube.com\/embed\/NPr6gXQKAlE?feature=oembed\" frameborder=\"0\" allow=\"accelerometer; autoplay; clipboard-write; encrypted-media; gyroscope; picture-in-picture; web-share\" referrerpolicy=\"strict-origin-when-cross-origin\" allowfullscreen><\/iframe><\/p>\n<div class=\"embed-responsive embed-responsive-16by9\"><\/div>","protected":false},"excerpt":{"rendered":"<p>\u041f\u0440\u043e\u0444\u0435\u0441\u0441\u0438\u043e\u043d\u0430\u043b\u044c\u043d\u043e\u0435 \u0441\u0440\u0435\u0434\u0441\u0442\u0432\u043e, \u043a\u043e\u0442\u043e\u0440\u043e\u0435 \u043e\u0447\u0438\u0449\u0430\u0435\u0442 \u0438 \u0443\u0434\u0430\u043b\u044f\u0435\u0442 \u043e\u0441\u0442\u0430\u0442\u043a\u0438 \u0437\u0430\u0441\u043e\u0445\u0448\u0435\u0433\u043e \u0446\u0435\u043c\u0435\u043d\u0442\u0430 \u0438 \u043a\u043b\u0435\u044f \u0441 \u043f\u043e\u0432\u0435\u0440\u0445\u043d\u043e\u0441\u0442\u0435\u0439 \u0438\u0437 \u0446\u0435\u043c\u0435\u043d\u0442\u0430, \u043a\u0430\u043c\u043d\u044f, \u043a\u0438\u0440\u043f\u0438\u0447\u043d\u043e\u0439 \u043a\u043b\u0430\u0434\u043a\u0438 \u0438 \u0448\u0442\u0443\u043a\u0430\u0442\u0443\u0440\u043a\u0438, \u0430 \u0442\u0430\u043a\u0436\u0435 \u0441 \u043a\u0435\u0440\u0430\u043c\u0438\u0447\u0435\u0441\u043a\u043e\u0439 \u043f\u043b\u0438\u0442\u043a\u0438. \u0422\u0430\u043a\u0436\u0435 \u043c\u043e\u0436\u0435\u0442 \u0438\u0441\u043f\u043e\u043b\u044c\u0437\u043e\u0432\u0430\u0442\u044c\u0441\u044f \u0434\u043b\u044f \u0443\u0434\u0430\u043b\u0435\u043d\u0438\u044f \u043f\u044f\u0442\u0435\u043d \u0441 \u0444\u0430\u0440\u0444\u043e\u0440\u043e\u0432\u044b\u0445 \u043f\u043e\u0432\u0435\u0440\u0445\u043d\u043e\u0441\u0442\u0435\u0439.<\/p>\n<ul>\n<li><a href=\"https:\/\/nanoconstruct.md\/wp-content\/uploads\/2019\/04\/DeSalin_K_PDS_EN_version_2.pdf\">\u041f\u0430\u0441\u043f\u043e\u0440\u0442 \u043f\u0440\u043e\u0434\u0443\u043a\u0442\u0430<\/a><\/li>\n<li><a href=\"https:\/\/nanoconstruct.md\/wp-content\/uploads\/2019\/04\/DSK_SDS_EN_21-11-2017.pdf\">\u041f\u0430\u0441\u043f\u043e\u0440\u0442 \u0431\u0435\u0437\u043e\u043f\u0430\u0441\u043d\u043e\u0441\u0442\u0438<\/a><\/li>\n<\/ul>\n<p><img decoding=\"async\" class=\"img-thumbnail img-fluid\" title=\"\u041d\u0410\u0414\u0415\u0412\u0410\u0419\u0422\u0415 \u0417\u0410\u0429\u0418\u0422\u041d\u0423\u042e \u041c\u0410\u0421\u041a\u0423!\" src=\"https:\/\/goldenyard.md\/wp-content\/uploads\/2025\/05\/medical-300x300.png\" alt=\"PURTATI MASCA DE PROTECTIE!\" width=\"35\" height=\"35\" \/>      <img decoding=\"async\" class=\"img-thumbnail img-fluid\" title=\"\u041d\u0410\u0414\u0415\u0412\u0410\u0419\u0422\u0415 \u0417\u0410\u0429\u0418\u0422\u041d\u042b\u0415 \u041f\u0415\u0420\u0427\u0410\u0422\u041a\u0418!\" src=\"https:\/\/goldenyard.md\/wp-content\/uploads\/2025\/05\/gloves-300x300.png\" alt=\"PURTATI MANUSI DE PROTECTIE!\" width=\"35\" height=\"35\" \/>\u00a0<img decoding=\"async\" class=\"img-thumbnail img-fluid\" title=\"\u0412\u041d\u0418\u041c\u0410\u041d\u0418\u0415, \u041a\u041e\u0420\u0420\u041e\u0417\u0418\u0419\u041d\u041d\u042b\u0419 \u041f\u0420\u041e\u0414\u0423\u041a\u0422!\" src=\"https:\/\/goldenyard.md\/wp-content\/uploads\/2025\/05\/corrosive-300x300.png\" alt=\"ATENTIE, PRODUS COROZIV!\" width=\"35\" height=\"35\" \/>\u00a0<img loading=\"lazy\" decoding=\"async\" class=\"img-thumbnail img-fluid\" title=\"\u0412\u041d\u0418\u041c\u0410\u041d\u0418\u0415, \u041f\u0420\u041e\u0414\u0423\u041a\u0422 \u0412\u042b\u0417\u042b\u0412\u0410\u042e\u0429\u0418\u0419 \u0420\u0410\u0417\u0414\u0420\u0410\u0416\u0415\u041d\u0418\u0415!\" src=\"https:\/\/goldenyard.md\/wp-content\/uploads\/2025\/05\/warning-300x300.png\" alt=\"ATENTIE, PRODUS IRITANT!\" width=\"35\" height=\"35\"\/>\u00a0<img loading=\"lazy\" class=\"img-thumbnail img-fluid\" title=\"\u0422\u041e\u041a\u0421\u0418\u0427\u041d\u041e \u0414\u041b\u042f \u0412\u041e\u0414\u041d\u041e\u0419 \u0421\u0420\u0415\u0414\u042b!\" src= \"https:\/\/goldenyard.md\/wp-content\/uploads\/2025\/05\/water-pollution-300x300.png\" alt=\"TOXIC PENTRU MEDIUL ACVATIC!\" width=\"35\" height=\"35\"\/> <img loading=\"lazy\" decoding=\"async\" class=\"img-thumbnail img-fluid\" title=\"\u041d\u0415 \u0418\u0421\u041f\u041e\u041b\u042c\u0417\u041e\u0412\u0410\u0422\u042c \u0414\u041b\u042f \u041e\u0422\u0411\u0415\u041b\u0418\u0412\u0410\u041d\u0418\u042f \u0417\u0423\u0411\u041e\u0412!\" src=\"https:\/\/goldenyard.md\/wp-content\/uploads\/2025\/05\/teeth-300x300.png\" alt=\"A NU SE FOLOSI LA ALBIREA DINTILOR!\" width=\"35\" height=\"35\"\/><\/p>","protected":false},"featured_media":39854,"template":"","meta":[],"product_brand":[],"product_cat":[280,284],"product_tag":[],"class_list":{"0":"post-39804","1":"product","2":"type-product","3":"status-publish","4":"has-post-thumbnail","6":"product_cat-solutii-de-protectie","7":"product_cat-curatare-dezinfectare-si-restaurare-test","9":"first","10":"instock","11":"shipping-taxable","12":"purchasable","13":"product-type-variable","14":"has-default-attributes"},"_links":{"self":[{"href":"https:\/\/goldenyard.md\/ru\/wp-json\/wp\/v2\/product\/39804","targetHints":{"allow":["GET"]}}],"collection":[{"href":"https:\/\/goldenyard.md\/ru\/wp-json\/wp\/v2\/product"}],"about":[{"href":"https:\/\/goldenyard.md\/ru\/wp-json\/wp\/v2\/types\/product"}],"wp:featuredmedia":[{"embeddable":true,"href":"https:\/\/goldenyard.md\/ru\/wp-json\/wp\/v2\/media\/39854"}],"wp:attachment":[{"href":"https:\/\/goldenyard.md\/ru\/wp-json\/wp\/v2\/media?parent=39804"}],"wp:term":[{"taxonomy":"product_brand","embeddable":true,"href":"https:\/\/goldenyard.md\/ru\/wp-json\/wp\/v2\/product_brand?post=39804"},{"taxonomy":"product_cat","embeddable":true,"href":"https:\/\/goldenyard.md\/ru\/wp-json\/wp\/v2\/product_cat?post=39804"},{"taxonomy":"product_tag","embeddable":true,"href":"https:\/\/goldenyard.md\/ru\/wp-json\/wp\/v2\/product_tag?post=39804"}],"curies":[{"name":"wp","href":"https:\/\/api.w.org\/{rel}","templated":true}]}}